{"id":5249,"date":"2018-08-27T17:52:53","date_gmt":"2018-08-27T16:52:53","guid":{"rendered":"http:\/\/fernandorubinguitars.com\/?page_id=5249"},"modified":"2020-01-29T13:12:50","modified_gmt":"2020-01-29T12:12:50","slug":"romantic","status":"publish","type":"page","link":"http:\/\/www.fernandorubinguitars.com\/de\/romantic\/","title":{"rendered":"Romantisch"},"content":{"rendered":"<p>[vc_row][vc_column][vc_column_text]<\/p>\n<h1 class=\"p1\"><span class=\"s1\">Romantische Gitarre<\/span><\/h1>\n<p>Fr\u00fche romantic.<\/p>\n<p>Basierend auf der Rene Lac\u00f4te 1835.[\/vc_column_text][vc_empty_space][vc_btn title=&#8220;Mehr Informationen und Preis-Optionen beantragen&#8220; style=&#8220;classic&#8220; size=&#8220;sm&#8220; align=&#8220;left&#8220; link=&#8220;url:%2Fcontact%2F|||rel:nofollow&#8220;][\/vc_column][\/vc_row][vc_row][vc_column width=&#8220;1\/4&#8243;][vc_text_separator title=&#8220;Features&#8220; title_align=&#8220;separator_align_left&#8220; color=&#8220;custom&#8220; border_width=&#8220;2&#8243; accent_color=&#8220;#ddba85&#8243;][vc_empty_space][vc_column_text]<\/p>\n<ul>\n<li>Gitarrenk\u00f6rper aus Fichte<\/li>\n<li>R\u00fccken und Seiten aus Europ\u00e4ischem Ahorn, Mahagoni, Zypresse<\/li>\n<li>Griffbrett aus Ebenholz<\/li>\n<li>Gr\u00f6\u00dfe: 630mm<\/li>\n<\/ul>\n<p>[\/vc_column_text][\/vc_column][vc_column width=&#8220;3\/4&#8243;][vc_empty_space][vc_single_image image=&#8220;5639&#8243; img_size=&#8220;large&#8220;][vc_empty_space height=&#8220;20px&#8220;][vc_btn title=&#8220;Weitere Infos \u00fcber deine n\u00e4chste akustische Gitarre beantragen&#8220; style=&#8220;classic&#8220; size=&#8220;sm&#8220; align=&#8220;left&#8220; link=&#8220;url:%2Fcontact%2F|||&#8220;][vc_empty_space height=&#8220;20px&#8220;][vc_masonry_media_grid style=&#8220;lazy&#8220; items_per_page=&#8220;2&#8243; element_width=&#8220;6&#8243; grid_id=&#8220;vc_gid:1580299958426-e874060d-79e9-2&#8243; include=&#8220;5640,5641,5642,5643,5644,5645,5646,5647,5648,5649&#8243;][vc_empty_space][\/vc_column][\/vc_row][vc_row][vc_column][vc_cta h2=&#8220;Interressiert an einer handgefertigten Gitarre?&#8220; shape=&#8220;square&#8220; add_button=&#8220;right&#8220; btn_title=&#8220;Kontaktiere uns heute&#8220; btn_style=&#8220;classic&#8220; btn_size=&#8220;lg&#8220; css=&#8220;.vc_custom_1580299967847{background-color: #ddba85 !important;}&#8220; btn_link=&#8220;url:%2Fcontact%2F|||&#8220;]Wenn du mehr \u00fcber diese Gitarren-Modelle, Preise und Bezahlungsmethoden wissen willst.[\/vc_cta][\/vc_column][\/vc_row]<\/p>","protected":false},"excerpt":{"rendered":"<p>[vc_row][vc_column][vc_column_text] Romantische Gitarre Fr\u00fche romantic. Basierend auf der Rene Lac\u00f4te 1835.[\/vc_column_text][vc_empty_space][vc_btn title=&#8220;Mehr Informationen und Preis-Optionen beantragen&#8220; style=&#8220;classic&#8220; size=&#8220;sm&#8220; align=&#8220;left&#8220; link=&#8220;url:%2Fcontact%2F|||rel:nofollow&#8220;][\/vc_column][\/vc_row][vc_row][vc_column width=&#8220;1\/4&#8243;][vc_text_separator title=&#8220;Features&#8220; title_align=&#8220;separator_align_left&#8220; color=&#8220;custom&#8220; border_width=&#8220;2&#8243; accent_color=&#8220;#ddba85&#8243;][vc_empty_space][vc_column_text] Gitarrenk\u00f6rper aus Fichte R\u00fccken und Seiten aus Europ\u00e4ischem Ahorn, Mahagoni, Zypresse Griffbrett aus Ebenholz Gr\u00f6\u00dfe: 630mm [\/vc_column_text][\/vc_column][vc_column width=&#8220;3\/4&#8243;][vc_empty_space][vc_single_image image=&#8220;5639&#8243; img_size=&#8220;large&#8220;][vc_empty_space height=&#8220;20px&#8220;][vc_btn title=&#8220;Weitere Infos \u00fcber deine n\u00e4chste akustische Gitarre beantragen&#8220;<a class=\"read-more\" href=\"http:\/\/www.fernandorubinguitars.com\/de\/romantic\/\">Continue reading <i class=\"fal fa-angle-right\"><\/i><\/a><\/p>\n","protected":false},"author":7,"featured_media":0,"parent":0,"menu_order":0,"comment_status":"closed","ping_status":"closed","template":"","meta":[],"_links":{"self":[{"href":"http:\/\/www.fernandorubinguitars.com\/de\/wp-json\/wp\/v2\/pages\/5249"}],"collection":[{"href":"http:\/\/www.fernandorubinguitars.com\/de\/wp-json\/wp\/v2\/pages"}],"about":[{"href":"http:\/\/www.fernandorubinguitars.com\/de\/wp-json\/wp\/v2\/types\/page"}],"author":[{"embeddable":true,"href":"http:\/\/www.fernandorubinguitars.com\/de\/wp-json\/wp\/v2\/users\/7"}],"replies":[{"embeddable":true,"href":"http:\/\/www.fernandorubinguitars.com\/de\/wp-json\/wp\/v2\/comments?post=5249"}],"version-history":[{"count":24,"href":"http:\/\/www.fernandorubinguitars.com\/de\/wp-json\/wp\/v2\/pages\/5249\/revisions"}],"predecessor-version":[{"id":9600,"href":"http:\/\/www.fernandorubinguitars.com\/de\/wp-json\/wp\/v2\/pages\/5249\/revisions\/9600"}],"wp:attachment":[{"href":"http:\/\/www.fernandorubinguitars.com\/de\/wp-json\/wp\/v2\/media?parent=5249"}],"curies":[{"name":"wp","href":"https:\/\/api.w.org\/{rel}","templated":true}]}}